{"id":549,"date":"2023-01-23T12:45:26","date_gmt":"2023-01-23T12:45:26","guid":{"rendered":"https:\/\/www.sakarijuntura.fi\/?page_id=549"},"modified":"2023-01-26T07:40:51","modified_gmt":"2023-01-26T07:40:51","slug":"mina-ja-yhtyeeni","status":"publish","type":"page","link":"https:\/\/www.sakarijuntura.fi\/index.php\/mina-ja-yhtyeeni\/","title":{"rendered":"Yhtyeeni"},"content":{"rendered":"\t\t<div data-elementor-type=\"wp-page\" data-elementor-id=\"549\" class=\"elementor elementor-549\">\n\t\t\t\t\t\t<div class=\"elementor-inner\">\n\t\t\t\t<div class=\"elementor-section-wrap\">\n\t\t\t\t\t\t\t\t\t<section class=\"elementor-section elementor-top-section elementor-element elementor-element-9af9bb4 elementor-section-content-top elementor-section-full_width elementor-section-height-default elementor-section-height-default\" data-id=\"9af9bb4\" data-element_type=\"section\" data-settings=\"{&quot;background_background&quot;:&quot;slideshow&quot;,&quot;background_slideshow_gallery&quot;:[{&quot;id&quot;:515,&quot;url&quot;:&quot;https:\\\/\\\/www.sakarijuntura.fi\\\/wp-content\\\/uploads\\\/2023\\\/01\\\/Z622831.png&quot;}],&quot;background_slideshow_slide_duration&quot;:5000,&quot;background_slideshow_slide_transition&quot;:&quot;fade&quot;,&quot;background_slideshow_transition_duration&quot;:500}\">\n\t\t\t\t\t\t\t<div class=\"elementor-background-overlay\"><\/div>\n\t\t\t\t\t\t\t<div class=\"elementor-container elementor-column-gap-default\">\n\t\t\t\t\t\t\t<div class=\"elementor-row\">\n\t\t\t\t\t<div class=\"elementor-column elementor-col-50 elementor-top-column elementor-element elementor-element-bc0ed57\" data-id=\"bc0ed57\" data-element_type=\"column\">\n\t\t\t<div class=\"elementor-column-wrap elementor-element-populated\">\n\t\t\t\t\t\t\t<div class=\"elementor-widget-wrap\">\n\t\t\t\t\t\t<div class=\"elementor-element elementor-element-2bdd353 elementor-widget elementor-widget-image\" data-id=\"2bdd353\" data-element_type=\"widget\" data-widget_type=\"image.default\">\n\t\t\t\t<div class=\"elementor-widget-container\">\n\t\t\t\t\t\t\t\t<div class=\"elementor-image\">\n\t\t\t\t\t\t\t\t\t\t\t\t\t<a href=\"https:\/\/www.sakarijuntura.fi\/\">\n\t\t\t\t\t\t\t<img decoding=\"async\" width=\"1825\" height=\"266\" src=\"https:\/\/www.sakarijuntura.fi\/wp-content\/uploads\/2023\/01\/logo-1.png\" class=\"attachment-full size-full wp-image-480\" alt=\"\" loading=\"lazy\" srcset=\"https:\/\/www.sakarijuntura.fi\/wp-content\/uploads\/2023\/01\/logo-1.png 1825w, https:\/\/www.sakarijuntura.fi\/wp-content\/uploads\/2023\/01\/logo-1-300x44.png 300w, https:\/\/www.sakarijuntura.fi\/wp-content\/uploads\/2023\/01\/logo-1-1024x149.png 1024w, https:\/\/www.sakarijuntura.fi\/wp-content\/uploads\/2023\/01\/logo-1-768x112.png 768w, https:\/\/www.sakarijuntura.fi\/wp-content\/uploads\/2023\/01\/logo-1-1536x224.png 1536w\" sizes=\"(max-width: 1825px) 100vw, 1825px\" \/>\t\t\t\t\t\t\t\t<\/a>\n\t\t\t\t\t\t\t\t\t\t\t\t\t\t<\/div>\n\t\t\t\t\t\t<\/div>\n\t\t\t\t<\/div>\n\t\t\t\t\t\t<\/div>\n\t\t\t\t\t<\/div>\n\t\t<\/div>\n\t\t\t\t<div class=\"elementor-column elementor-col-50 elementor-top-column elementor-element elementor-element-4fcd7b2\" data-id=\"4fcd7b2\" data-element_type=\"column\">\n\t\t\t<div class=\"elementor-column-wrap elementor-element-populated\">\n\t\t\t\t\t\t\t<div class=\"elementor-widget-wrap\">\n\t\t\t\t\t\t<div class=\"elementor-element elementor-element-33bb664 elementor-nav-menu__align-right elementor-nav-menu--dropdown-tablet elementor-nav-menu__text-align-aside elementor-nav-menu--toggle elementor-nav-menu--burger elementor-widget elementor-widget-nav-menu\" data-id=\"33bb664\" data-element_type=\"widget\" data-settings=\"{&quot;layout&quot;:&quot;horizontal&quot;,&quot;submenu_icon&quot;:{&quot;value&quot;:&quot;&lt;i class=\\&quot;fas fa-caret-down\\&quot;&gt;&lt;\\\/i&gt;&quot;,&quot;library&quot;:&quot;fa-solid&quot;},&quot;toggle&quot;:&quot;burger&quot;}\" data-widget_type=\"nav-menu.default\">\n\t\t\t\t<div class=\"elementor-widget-container\">\n\t\t\t\t\t\t<nav migration_allowed=\"1\" migrated=\"0\" class=\"elementor-nav-menu--main elementor-nav-menu__container elementor-nav-menu--layout-horizontal e--pointer-underline e--animation-fade\">\n\t\t\t\t<ul id=\"menu-1-33bb664\" class=\"elementor-nav-menu\"><li class=\"menu-item menu-item-type-custom menu-item-object-custom menu-item-home menu-item-282\"><a href=\"http:\/\/www.sakarijuntura.fi\/#keikat-2\" class=\"elementor-item elementor-item-anchor\">Keikat<\/a><\/li>\n<li class=\"menu-item menu-item-type-post_type menu-item-object-page menu-item-561\"><a href=\"https:\/\/www.sakarijuntura.fi\/index.php\/mina-ja-yhtyeeni\/\" class=\"elementor-item\">Min\u00e4 ja yhtyeeni<\/a><\/li>\n<li class=\"menu-item menu-item-type-custom menu-item-object-custom menu-item-519\"><a href=\"https:\/\/www.sakarijuntura.fi\/index.php\/tilaa-sakari-keikalle\/\" class=\"elementor-item\">Tilaa Sakari keikalle<\/a><\/li>\n<li class=\"menu-item menu-item-type-custom menu-item-object-custom menu-item-520\"><a href=\"http:\/\/_\" class=\"elementor-item\">Ota yhteytt\u00e4<\/a><\/li>\n<\/ul>\t\t\t<\/nav>\n\t\t\t\t\t<div class=\"elementor-menu-toggle\" role=\"button\" tabindex=\"0\" aria-label=\"Menu Toggle\" aria-expanded=\"false\">\n\t\t\t<i aria-hidden=\"true\" role=\"presentation\" class=\"elementor-menu-toggle__icon--open eicon-menu-bar\"><\/i><i aria-hidden=\"true\" role=\"presentation\" class=\"elementor-menu-toggle__icon--close eicon-close\"><\/i>\t\t\t<span class=\"elementor-screen-only\">Menu<\/span>\n\t\t<\/div>\n\t\t\t\t\t<nav class=\"elementor-nav-menu--dropdown elementor-nav-menu__container\" aria-hidden=\"true\">\n\t\t\t\t<ul id=\"menu-2-33bb664\" class=\"elementor-nav-menu\"><li class=\"menu-item menu-item-type-custom menu-item-object-custom menu-item-home menu-item-282\"><a href=\"http:\/\/www.sakarijuntura.fi\/#keikat-2\" class=\"elementor-item elementor-item-anchor\" tabindex=\"-1\">Keikat<\/a><\/li>\n<li class=\"menu-item menu-item-type-post_type menu-item-object-page menu-item-561\"><a href=\"https:\/\/www.sakarijuntura.fi\/index.php\/mina-ja-yhtyeeni\/\" class=\"elementor-item\" tabindex=\"-1\">Min\u00e4 ja yhtyeeni<\/a><\/li>\n<li class=\"menu-item menu-item-type-custom menu-item-object-custom menu-item-519\"><a href=\"https:\/\/www.sakarijuntura.fi\/index.php\/tilaa-sakari-keikalle\/\" class=\"elementor-item\" tabindex=\"-1\">Tilaa Sakari keikalle<\/a><\/li>\n<li class=\"menu-item menu-item-type-custom menu-item-object-custom menu-item-520\"><a href=\"http:\/\/_\" class=\"elementor-item\" tabindex=\"-1\">Ota yhteytt\u00e4<\/a><\/li>\n<\/ul>\t\t\t<\/nav>\n\t\t\t\t<\/div>\n\t\t\t\t<\/div>\n\t\t\t\t<section class=\"elementor-section elementor-inner-section elementor-element elementor-element-53c89a5 elementor-section-boxed elementor-section-height-default elementor-section-height-default\" data-id=\"53c89a5\" data-element_type=\"section\">\n\t\t\t\t\t\t<div class=\"elementor-container elementor-column-gap-default\">\n\t\t\t\t\t\t\t<div class=\"elementor-row\">\n\t\t\t\t\t<div class=\"elementor-column elementor-col-100 elementor-inner-column elementor-element elementor-element-76ffda2\" data-id=\"76ffda2\" data-element_type=\"column\">\n\t\t\t<div class=\"elementor-column-wrap elementor-element-populated\">\n\t\t\t\t\t\t\t<div class=\"elementor-widget-wrap\">\n\t\t\t\t\t\t<div class=\"elementor-element elementor-element-ff7efbb elementor-shape-circle e-grid-align-right elementor-grid-0 elementor-widget elementor-widget-social-icons\" data-id=\"ff7efbb\" data-element_type=\"widget\" data-widget_type=\"social-icons.default\">\n\t\t\t\t<div class=\"elementor-widget-container\">\n\t\t\t\t\t<div class=\"elementor-social-icons-wrapper elementor-grid\">\n\t\t\t\t\t\t\t<span class=\"elementor-grid-item\">\n\t\t\t\t\t<a class=\"elementor-icon elementor-social-icon elementor-social-icon-facebook elementor-repeater-item-a680c4c\" href=\"https:\/\/www.facebook.com\/sakarijuntura\/\" target=\"_blank\">\n\t\t\t\t\t\t<span class=\"elementor-screen-only\">Facebook<\/span>\n\t\t\t\t\t\t<i class=\"fab fa-facebook\"><\/i>\t\t\t\t\t<\/a>\n\t\t\t\t<\/span>\n\t\t\t\t\t\t\t<span class=\"elementor-grid-item\">\n\t\t\t\t\t<a class=\"elementor-icon elementor-social-icon elementor-social-icon-spotify elementor-repeater-item-2689fa7\" href=\"https:\/\/open.spotify.com\/artist\/0vi3vgHhkbhhHZNjyq3oRz?si=l_tBUz0HTg-l9Y834z_udg&#038;nd=1\" target=\"_blank\">\n\t\t\t\t\t\t<span class=\"elementor-screen-only\">Spotify<\/span>\n\t\t\t\t\t\t<i class=\"fab fa-spotify\"><\/i>\t\t\t\t\t<\/a>\n\t\t\t\t<\/span>\n\t\t\t\t\t\t\t<span class=\"elementor-grid-item\">\n\t\t\t\t\t<a class=\"elementor-icon elementor-social-icon elementor-social-icon-instagram elementor-repeater-item-68bf44c\" href=\"https:\/\/www.instagram.com\/sakarijuntura\/\" target=\"_blank\">\n\t\t\t\t\t\t<span class=\"elementor-screen-only\">Instagram<\/span>\n\t\t\t\t\t\t<i class=\"fab fa-instagram\"><\/i>\t\t\t\t\t<\/a>\n\t\t\t\t<\/span>\n\t\t\t\t\t\t\t<span class=\"elementor-grid-item\">\n\t\t\t\t\t<a class=\"elementor-icon elementor-social-icon elementor-social-icon-youtube elementor-repeater-item-d80b1ab\" href=\"https:\/\/www.youtube.com\/channel\/UC41jW0prTjsZThS5Txcf1lg\" target=\"_blank\">\n\t\t\t\t\t\t<span class=\"elementor-screen-only\">Youtube<\/span>\n\t\t\t\t\t\t<i class=\"fab fa-youtube\"><\/i>\t\t\t\t\t<\/a>\n\t\t\t\t<\/span>\n\t\t\t\t\t<\/div>\n\t\t\t\t<\/div>\n\t\t\t\t<\/div>\n\t\t\t\t\t\t<\/div>\n\t\t\t\t\t<\/div>\n\t\t<\/div>\n\t\t\t\t\t\t\t\t<\/div>\n\t\t\t\t\t<\/div>\n\t\t<\/section>\n\t\t\t\t\t\t<\/div>\n\t\t\t\t\t<\/div>\n\t\t<\/div>\n\t\t\t\t\t\t\t\t<\/div>\n\t\t\t\t\t<\/div>\n\t\t<\/section>\n\t\t\t\t<section class=\"elementor-section elementor-top-section elementor-element elementor-element-4d2ac8c elementor-section-content-middle elementor-section-boxed elementor-section-height-default elementor-section-height-default\" data-id=\"4d2ac8c\" data-element_type=\"section\" data-settings=\"{&quot;background_background&quot;:&quot;classic&quot;}\">\n\t\t\t\t\t\t<div class=\"elementor-container elementor-column-gap-no\">\n\t\t\t\t\t\t\t<div class=\"elementor-row\">\n\t\t\t\t\t<div class=\"elementor-column elementor-col-100 elementor-top-column elementor-element elementor-element-c757e8b\" data-id=\"c757e8b\" data-element_type=\"column\">\n\t\t\t<div class=\"elementor-column-wrap elementor-element-populated\">\n\t\t\t\t\t\t\t<div class=\"elementor-widget-wrap\">\n\t\t\t\t\t\t<div class=\"elementor-element elementor-element-9018cad elementor-widget elementor-widget-heading\" data-id=\"9018cad\" data-element_type=\"widget\" data-widget_type=\"heading.default\">\n\t\t\t\t<div class=\"elementor-widget-container\">\n\t\t\t<h2 class=\"elementor-heading-title elementor-size-default\">MIN\u00c4 JA YHTYEENI<\/h2>\t\t<\/div>\n\t\t\t\t<\/div>\n\t\t\t\t<section class=\"elementor-section elementor-inner-section elementor-element elementor-element-804937f elementor-section-boxed elementor-section-height-default elementor-section-height-default\" data-id=\"804937f\" data-element_type=\"section\">\n\t\t\t\t\t\t<div class=\"elementor-container elementor-column-gap-default\">\n\t\t\t\t\t\t\t<div class=\"elementor-row\">\n\t\t\t\t\t<div class=\"elementor-column elementor-col-50 elementor-inner-column elementor-element elementor-element-feb9fb8\" data-id=\"feb9fb8\" data-element_type=\"column\">\n\t\t\t<div class=\"elementor-column-wrap elementor-element-populated\">\n\t\t\t\t\t\t\t<div class=\"elementor-widget-wrap\">\n\t\t\t\t\t\t<div class=\"elementor-element elementor-element-8759f1f elementor-vertical-align-middle elementor-position-top elementor-widget elementor-widget-image-box\" data-id=\"8759f1f\" data-element_type=\"widget\" data-widget_type=\"image-box.default\">\n\t\t\t\t<div class=\"elementor-widget-container\">\n\t\t\t<div class=\"elementor-image-box-wrapper\"><figure class=\"elementor-image-box-img\"><img decoding=\"async\" width=\"600\" height=\"600\" src=\"https:\/\/www.sakarijuntura.fi\/wp-content\/uploads\/2019\/10\/DSC8369-1.png\" class=\"elementor-animation-grow attachment-full size-full wp-image-326\" alt=\"\" loading=\"lazy\" srcset=\"https:\/\/www.sakarijuntura.fi\/wp-content\/uploads\/2019\/10\/DSC8369-1.png 600w, https:\/\/www.sakarijuntura.fi\/wp-content\/uploads\/2019\/10\/DSC8369-1-150x150.png 150w, https:\/\/www.sakarijuntura.fi\/wp-content\/uploads\/2019\/10\/DSC8369-1-300x300.png 300w\" sizes=\"(max-width: 600px) 100vw, 600px\" \/><\/figure><div class=\"elementor-image-box-content\"><h3 class=\"elementor-image-box-title\">Sakari Juntura<\/h3><p class=\"elementor-image-box-description\">laulu, kitara\n<\/p><\/div><\/div>\t\t<\/div>\n\t\t\t\t<\/div>\n\t\t\t\t<div class=\"elementor-element elementor-element-b4c7c19 elementor-widget elementor-widget-text-editor\" data-id=\"b4c7c19\" data-element_type=\"widget\" data-widget_type=\"text-editor.default\">\n\t\t\t\t<div class=\"elementor-widget-container\">\n\t\t\t\t\t\t\t\t<div class=\"elementor-text-editor elementor-clearfix\">\n\t\t\t\t<p class=\"p1\"><span class=\"s1\">Aloitin musiikin opiskelemalla sellonsoittoa L\u00e4nsi-Helsingin musiikkiopistossa. Teini-i\u00e4ss\u00e4 kitara vei menness\u00e4\u00e4n, ja laulu tuli vahvasti mukaan parikymppisen\u00e4 opiskelijana. <\/span><span class=\"s1\">Olen tehnyt lauluja vuodesta 2008. Kirjoitin ensimm\u00e4isen laulun soolouralleni Kuopiossa Valkeisenlammen rannalla kev\u00e4\u00e4ll\u00e4 2013.<span class=\"Apple-converted-space\">\u00a0 <\/span>L\u00e4ht\u00f6kohtani laulunkirjoittajana on tehd\u00e4 sellaista musiikkia, jota haluaisin itse kuunnella. Haluan saada vakaviinkin lauluihin valoa tunnelin p\u00e4\u00e4h\u00e4n. N\u00e4inh\u00e4n on el\u00e4m\u00e4ss\u00e4kin, mik\u00e4\u00e4n tilanne ei ole niin synkk\u00e4, ettei olisi viel\u00e4 toivoa. Uskon intuitioon kirjoittaessani; jos laulun ydin on tarpeeksi vahva, se puhuttelee tekij\u00e4\u00e4ns\u00e4 usein jo tekovaiheessa.\u00a0<\/span><\/p>\t\t\t\t\t<\/div>\n\t\t\t\t\t\t<\/div>\n\t\t\t\t<\/div>\n\t\t\t\t\t\t<\/div>\n\t\t\t\t\t<\/div>\n\t\t<\/div>\n\t\t\t\t<div class=\"elementor-column elementor-col-50 elementor-inner-column elementor-element elementor-element-70af468\" data-id=\"70af468\" data-element_type=\"column\">\n\t\t\t<div class=\"elementor-column-wrap elementor-element-populated\">\n\t\t\t\t\t\t\t<div class=\"elementor-widget-wrap\">\n\t\t\t\t\t\t<div class=\"elementor-element elementor-element-a5a858c elementor-vertical-align-middle elementor-position-top elementor-widget elementor-widget-image-box\" data-id=\"a5a858c\" data-element_type=\"widget\" data-widget_type=\"image-box.default\">\n\t\t\t\t<div class=\"elementor-widget-container\">\n\t\t\t<div class=\"elementor-image-box-wrapper\"><figure class=\"elementor-image-box-img\"><img decoding=\"async\" width=\"600\" height=\"600\" src=\"https:\/\/www.sakarijuntura.fi\/wp-content\/uploads\/2019\/10\/DSC9524.png\" class=\"elementor-animation-grow attachment-full size-full wp-image-253\" alt=\"\" loading=\"lazy\" srcset=\"https:\/\/www.sakarijuntura.fi\/wp-content\/uploads\/2019\/10\/DSC9524.png 600w, https:\/\/www.sakarijuntura.fi\/wp-content\/uploads\/2019\/10\/DSC9524-150x150.png 150w, https:\/\/www.sakarijuntura.fi\/wp-content\/uploads\/2019\/10\/DSC9524-300x300.png 300w\" sizes=\"(max-width: 600px) 100vw, 600px\" \/><\/figure><div class=\"elementor-image-box-content\"><h3 class=\"elementor-image-box-title\">Panu Leislahti<\/h3><p class=\"elementor-image-box-description\">rummut, perkussiot, taustalaulu\n<\/p><\/div><\/div>\t\t<\/div>\n\t\t\t\t<\/div>\n\t\t\t\t<div class=\"elementor-element elementor-element-b58996c elementor-widget elementor-widget-text-editor\" data-id=\"b58996c\" data-element_type=\"widget\" data-widget_type=\"text-editor.default\">\n\t\t\t\t<div class=\"elementor-widget-container\">\n\t\t\t\t\t\t\t\t<div class=\"elementor-text-editor elementor-clearfix\">\n\t\t\t\t<p class=\"p1\"><span class=\"s1\">Panu l\u00f6ytyi orkesterin riveihin alkuvuodesta 2016. Panun tonttiin kuuluu rumpujen lis\u00e4ksi laaja kattaus perkussiosoittimia, sek\u00e4 taustalaulu. Panu on hyv\u00e4ntuulinen soittokaveri, joka pelastaa mahdolliset kiusalliset hiljaisuudet keikoilla yll\u00e4tt\u00e4vill\u00e4 spiikeill\u00e4 juuri silloin, kun en itse oikein keksi mit\u00e4\u00e4n j\u00e4rkev\u00e4\u00e4. Panulla on my\u00f6s mukava valikoima virveleit\u00e4, joista saa kaivettua minulle niin rakkaan ys\u00e4rihifisoundin, joka ei kuitenkaan ikin\u00e4 p\u00e4\u00e4dy levylle, koska se on kuulema mauton.<\/span><\/p>\t\t\t\t\t<\/div>\n\t\t\t\t\t\t<\/div>\n\t\t\t\t<\/div>\n\t\t\t\t\t\t<\/div>\n\t\t\t\t\t<\/div>\n\t\t<\/div>\n\t\t\t\t\t\t\t\t<\/div>\n\t\t\t\t\t<\/div>\n\t\t<\/section>\n\t\t\t\t<section class=\"elementor-section elementor-inner-section elementor-element elementor-element-6cebe4f elementor-section-boxed elementor-section-height-default elementor-section-height-default\" data-id=\"6cebe4f\" data-element_type=\"section\">\n\t\t\t\t\t\t<div class=\"elementor-container elementor-column-gap-default\">\n\t\t\t\t\t\t\t<div class=\"elementor-row\">\n\t\t\t\t\t<div class=\"elementor-column elementor-col-50 elementor-inner-column elementor-element elementor-element-fc70864\" data-id=\"fc70864\" data-element_type=\"column\">\n\t\t\t<div class=\"elementor-column-wrap elementor-element-populated\">\n\t\t\t\t\t\t\t<div class=\"elementor-widget-wrap\">\n\t\t\t\t\t\t<div class=\"elementor-element elementor-element-bcabb05 elementor-vertical-align-middle elementor-position-top elementor-widget elementor-widget-image-box\" data-id=\"bcabb05\" data-element_type=\"widget\" data-widget_type=\"image-box.default\">\n\t\t\t\t<div class=\"elementor-widget-container\">\n\t\t\t<div class=\"elementor-image-box-wrapper\"><figure class=\"elementor-image-box-img\"><img decoding=\"async\" width=\"600\" height=\"600\" src=\"https:\/\/www.sakarijuntura.fi\/wp-content\/uploads\/2019\/11\/5d4f78bc-dbdc-4616-b37d-df7edf608592.png\" class=\"elementor-animation-grow attachment-full size-full wp-image-336\" alt=\"\" loading=\"lazy\" srcset=\"https:\/\/www.sakarijuntura.fi\/wp-content\/uploads\/2019\/11\/5d4f78bc-dbdc-4616-b37d-df7edf608592.png 600w, https:\/\/www.sakarijuntura.fi\/wp-content\/uploads\/2019\/11\/5d4f78bc-dbdc-4616-b37d-df7edf608592-150x150.png 150w, https:\/\/www.sakarijuntura.fi\/wp-content\/uploads\/2019\/11\/5d4f78bc-dbdc-4616-b37d-df7edf608592-300x300.png 300w\" sizes=\"(max-width: 600px) 100vw, 600px\" \/><\/figure><div class=\"elementor-image-box-content\"><h3 class=\"elementor-image-box-title\">Juha P\u00f6ys\u00e4<\/h3><p class=\"elementor-image-box-description\">kitara, viulu, taustalaulu\n<\/p><\/div><\/div>\t\t<\/div>\n\t\t\t\t<\/div>\n\t\t\t\t<div class=\"elementor-element elementor-element-5177f62 elementor-widget elementor-widget-text-editor\" data-id=\"5177f62\" data-element_type=\"widget\" data-widget_type=\"text-editor.default\">\n\t\t\t\t<div class=\"elementor-widget-container\">\n\t\t\t\t\t\t\t\t<div class=\"elementor-text-editor elementor-clearfix\">\n\t\t\t\t<p class=\"p1\"><span class=\"s1\">Juha on j\u00e4rvenp\u00e4\u00e4l\u00e4inen multi-instrumentalisti, joka liittyi orkesteriini huhtikuussa 2019. T\u00e4m\u00e4 on itseasiassa aika mojova tarina, joka on tosin aika pitk\u00e4. Jos haluat kuulla sen, voit tulla nyk\u00e4isem\u00e4\u00e4n hihasta vaikkapa meid\u00e4n keikoilla. Juhan toimenkuvaan yhtyeess\u00e4ni kuuluu kielisoitinten ja taustalaulun lis\u00e4ksi kappaleiden ty\u00f6st\u00e4mist\u00e4, sovittamista ja tuotantoa. Juhalla on my\u00f6s osaamista livetilanteiden teknisiin ratkaisuihin.\u00a0<\/span><\/p>\t\t\t\t\t<\/div>\n\t\t\t\t\t\t<\/div>\n\t\t\t\t<\/div>\n\t\t\t\t\t\t<\/div>\n\t\t\t\t\t<\/div>\n\t\t<\/div>\n\t\t\t\t<div class=\"elementor-column elementor-col-50 elementor-inner-column elementor-element elementor-element-958c94f\" data-id=\"958c94f\" data-element_type=\"column\">\n\t\t\t<div class=\"elementor-column-wrap elementor-element-populated\">\n\t\t\t\t\t\t\t<div class=\"elementor-widget-wrap\">\n\t\t\t\t\t\t<div class=\"elementor-element elementor-element-ac31f4d elementor-vertical-align-middle elementor-position-top elementor-widget elementor-widget-image-box\" data-id=\"ac31f4d\" data-element_type=\"widget\" data-widget_type=\"image-box.default\">\n\t\t\t\t<div class=\"elementor-widget-container\">\n\t\t\t<div class=\"elementor-image-box-wrapper\"><figure class=\"elementor-image-box-img\"><img decoding=\"async\" width=\"600\" height=\"600\" src=\"https:\/\/www.sakarijuntura.fi\/wp-content\/uploads\/2019\/10\/IMG_0505.png\" class=\"elementor-animation-grow attachment-full size-full wp-image-254\" alt=\"\" loading=\"lazy\" srcset=\"https:\/\/www.sakarijuntura.fi\/wp-content\/uploads\/2019\/10\/IMG_0505.png 600w, https:\/\/www.sakarijuntura.fi\/wp-content\/uploads\/2019\/10\/IMG_0505-150x150.png 150w, https:\/\/www.sakarijuntura.fi\/wp-content\/uploads\/2019\/10\/IMG_0505-300x300.png 300w\" sizes=\"(max-width: 600px) 100vw, 600px\" \/><\/figure><div class=\"elementor-image-box-content\"><h3 class=\"elementor-image-box-title\">Robert Sippo<\/h3><p class=\"elementor-image-box-description\">basso\n<\/p><\/div><\/div>\t\t<\/div>\n\t\t\t\t<\/div>\n\t\t\t\t<div class=\"elementor-element elementor-element-9b98a74 elementor-widget elementor-widget-text-editor\" data-id=\"9b98a74\" data-element_type=\"widget\" data-widget_type=\"text-editor.default\">\n\t\t\t\t<div class=\"elementor-widget-container\">\n\t\t\t\t\t\t\t\t<div class=\"elementor-text-editor elementor-clearfix\">\n\t\t\t\t<p class=\"p1\"><span class=\"s1\">Soitin Robertin kanssa ekan keikkani h\u00e4iss\u00e4 vuonna 2009. Soitimme samassa bileb\u00e4ndiss\u00e4 useita vuosia tehden h\u00e4\u00e4keikkoja samalla kun hain sopivaa suuntaa omille lauluilleni. Lopulta olin saanut kymmenkunta laulua kasaan ja kysyin Robertia mukaan sooloprojektiini alkuvuodesta 2016. Robert vastasi itselleen ominaiseen tyliin, ett\u00e4 &#8220;se ei ole t\u00e4ysin poissuljettu ajatus&#8221;. Siit\u00e4 l\u00e4htien Robert on ollut erottamaton osa yhtyett\u00e4ni ja sen livesointia.\u00a0<\/span><\/p>\t\t\t\t\t<\/div>\n\t\t\t\t\t\t<\/div>\n\t\t\t\t<\/div>\n\t\t\t\t\t\t<\/div>\n\t\t\t\t\t<\/div>\n\t\t<\/div>\n\t\t\t\t\t\t\t\t<\/div>\n\t\t\t\t\t<\/div>\n\t\t<\/section>\n\t\t\t\t\t\t<\/div>\n\t\t\t\t\t<\/div>\n\t\t<\/div>\n\t\t\t\t\t\t\t\t<\/div>\n\t\t\t\t\t<\/div>\n\t\t<\/section>\n\t\t\t\t<section class=\"elementor-section elementor-top-section elementor-element elementor-element-f63875b elementor-section-boxed elementor-section-height-default elementor-section-height-default\" data-id=\"f63875b\" data-element_type=\"section\" data-settings=\"{&quot;background_background&quot;:&quot;classic&quot;}\">\n\t\t\t\t\t\t<div class=\"elementor-container elementor-column-gap-default\">\n\t\t\t\t\t\t\t<div class=\"elementor-row\">\n\t\t\t\t\t<div class=\"elementor-column elementor-col-100 elementor-top-column elementor-element elementor-element-a6dace9\" data-id=\"a6dace9\" data-element_type=\"column\">\n\t\t\t<div class=\"elementor-column-wrap elementor-element-populated\">\n\t\t\t\t\t\t\t<div class=\"elementor-widget-wrap\">\n\t\t\t\t\t\t<div class=\"elementor-element elementor-element-5370dc0 elementor-align-center elementor-widget elementor-widget-button\" data-id=\"5370dc0\" data-element_type=\"widget\" data-widget_type=\"button.default\">\n\t\t\t\t<div class=\"elementor-widget-container\">\n\t\t\t\t\t<div class=\"elementor-button-wrapper\">\n\t\t\t<a href=\"https:\/\/www.sakarijuntura.fi\/index.php\/tilaa-sakari-keikalle\/\" class=\"elementor-button-link elementor-button elementor-size-xl\" role=\"button\">\n\t\t\t\t\t\t<span class=\"elementor-button-content-wrapper\">\n\t\t\t\t\t\t<span class=\"elementor-button-text\">Tilaa Sakari keikalle<\/span>\n\t\t<\/span>\n\t\t\t\t\t<\/a>\n\t\t<\/div>\n\t\t\t\t<\/div>\n\t\t\t\t<\/div>\n\t\t\t\t<div class=\"elementor-element elementor-element-1d1879d elementor-shape-circle elementor-grid-0 e-grid-align-center elementor-widget elementor-widget-social-icons\" data-id=\"1d1879d\" data-element_type=\"widget\" data-widget_type=\"social-icons.default\">\n\t\t\t\t<div class=\"elementor-widget-container\">\n\t\t\t\t\t<div class=\"elementor-social-icons-wrapper elementor-grid\">\n\t\t\t\t\t\t\t<span class=\"elementor-grid-item\">\n\t\t\t\t\t<a class=\"elementor-icon elementor-social-icon elementor-social-icon-facebook elementor-repeater-item-a680c4c\" href=\"https:\/\/www.facebook.com\/sakarijuntura\/\" target=\"_blank\">\n\t\t\t\t\t\t<span class=\"elementor-screen-only\">Facebook<\/span>\n\t\t\t\t\t\t<i class=\"fab fa-facebook\"><\/i>\t\t\t\t\t<\/a>\n\t\t\t\t<\/span>\n\t\t\t\t\t\t\t<span class=\"elementor-grid-item\">\n\t\t\t\t\t<a class=\"elementor-icon elementor-social-icon elementor-social-icon-spotify elementor-repeater-item-2689fa7\" href=\"https:\/\/open.spotify.com\/artist\/0vi3vgHhkbhhHZNjyq3oRz?si=l_tBUz0HTg-l9Y834z_udg&#038;nd=1\" target=\"_blank\">\n\t\t\t\t\t\t<span class=\"elementor-screen-only\">Spotify<\/span>\n\t\t\t\t\t\t<i class=\"fab fa-spotify\"><\/i>\t\t\t\t\t<\/a>\n\t\t\t\t<\/span>\n\t\t\t\t\t\t\t<span class=\"elementor-grid-item\">\n\t\t\t\t\t<a class=\"elementor-icon elementor-social-icon elementor-social-icon-instagram elementor-repeater-item-68bf44c\" href=\"https:\/\/www.instagram.com\/sakarijuntura\/\" target=\"_blank\">\n\t\t\t\t\t\t<span class=\"elementor-screen-only\">Instagram<\/span>\n\t\t\t\t\t\t<i class=\"fab fa-instagram\"><\/i>\t\t\t\t\t<\/a>\n\t\t\t\t<\/span>\n\t\t\t\t\t\t\t<span class=\"elementor-grid-item\">\n\t\t\t\t\t<a class=\"elementor-icon elementor-social-icon elementor-social-icon-youtube elementor-repeater-item-d80b1ab\" href=\"https:\/\/www.youtube.com\/channel\/UC41jW0prTjsZThS5Txcf1lg\" target=\"_blank\">\n\t\t\t\t\t\t<span class=\"elementor-screen-only\">Youtube<\/span>\n\t\t\t\t\t\t<i class=\"fab fa-youtube\"><\/i>\t\t\t\t\t<\/a>\n\t\t\t\t<\/span>\n\t\t\t\t\t<\/div>\n\t\t\t\t<\/div>\n\t\t\t\t<\/div>\n\t\t\t\t\t\t<\/div>\n\t\t\t\t\t<\/div>\n\t\t<\/div>\n\t\t\t\t\t\t\t\t<\/div>\n\t\t\t\t\t<\/div>\n\t\t<\/section>\n\t\t\t\t\t\t\t\t\t<\/div>\n\t\t\t<\/div>\n\t\t\t\t\t<\/div>\n\t\t","protected":false},"excerpt":{"rendered":"<p>Facebook Spotify Instagram Youtube MIN\u00c4 JA YHTYEENI Sakari Juntura laulu, kitara Aloitin musiikin opiskelemalla sellonsoittoa L\u00e4nsi-Helsingin musiikkiopistossa. Teini-i\u00e4ss\u00e4 kitara vei menness\u00e4\u00e4n, ja laulu tuli vahvasti mukaan parikymppisen\u00e4 opiskelijana. Olen tehnyt lauluja vuodesta 2008. Kirjoitin ensimm\u00e4isen laulun soolouralleni Kuopiossa Valkeisenlammen rannalla kev\u00e4\u00e4ll\u00e4 2013.\u00a0 L\u00e4ht\u00f6kohtani laulunkirjoittajana on tehd\u00e4 sellaista musiikkia, jota haluaisin itse kuunnella. Haluan saada vakaviinkin [&hellip;]<\/p>\n","protected":false},"author":1,"featured_media":0,"parent":0,"menu_order":0,"comment_status":"closed","ping_status":"closed","template":"elementor_header_footer","meta":[],"_links":{"self":[{"href":"https:\/\/www.sakarijuntura.fi\/index.php\/wp-json\/wp\/v2\/pages\/549"}],"collection":[{"href":"https:\/\/www.sakarijuntura.fi\/index.php\/wp-json\/wp\/v2\/pages"}],"about":[{"href":"https:\/\/www.sakarijuntura.fi\/index.php\/wp-json\/wp\/v2\/types\/page"}],"author":[{"embeddable":true,"href":"https:\/\/www.sakarijuntura.fi\/index.php\/wp-json\/wp\/v2\/users\/1"}],"replies":[{"embeddable":true,"href":"https:\/\/www.sakarijuntura.fi\/index.php\/wp-json\/wp\/v2\/comments?post=549"}],"version-history":[{"count":17,"href":"https:\/\/www.sakarijuntura.fi\/index.php\/wp-json\/wp\/v2\/pages\/549\/revisions"}],"predecessor-version":[{"id":605,"href":"https:\/\/www.sakarijuntura.fi\/index.php\/wp-json\/wp\/v2\/pages\/549\/revisions\/605"}],"wp:attachment":[{"href":"https:\/\/www.sakarijuntura.fi\/index.php\/wp-json\/wp\/v2\/media?parent=549"}],"curies":[{"name":"wp","href":"https:\/\/api.w.org\/{rel}","templated":true}]}}